{"id":10,"date":"2015-11-01T18:09:46","date_gmt":"2015-11-01T17:09:46","guid":{"rendered":"http:\/\/www.effetphi.ch\/recursions\/?page_id=10"},"modified":"2021-09-13T21:33:12","modified_gmt":"2021-09-13T20:33:12","slug":"10-2","status":"publish","type":"page","link":"https:\/\/www.francoisfilliettaz.ch\/recursions\/","title":{"rendered":""},"content":{"rendered":"[aesop_content color=\u00a0\u00bb#333333&Prime; background=\u00a0\u00bb#FFFFFF\u00a0\u00bb width=\u00a0\u00bb97%\u00a0\u00bb columns=\u00a0\u00bb1&Prime; position=\u00a0\u00bbstatic\u00a0\u00bb imgrepeat=\u00a0\u00bbno-repeat\u00a0\u00bb floaterposition=\u00a0\u00bbcenter\u00a0\u00bb floaterdirection=\u00a0\u00bbdown\u00a0\u00bb]<strong>\u00ab\u00a0Toute vue des choses qui n\u2019est pas \u00e9trange est fausse. Si quelque chose est r\u00e9elle, elle ne peut que perdre de sa r\u00e9alit\u00e9 en devenant famili\u00e8re. M\u00e9diter en philosophe, c\u2019est revenir du familier \u00e0 l&rsquo;\u00e9trange, et dans l\u2019\u00e9trange affronter le r\u00e9el\u00a0\u00bb.<\/strong><\/p>\n<p>Paul Val\u00e9ry, <em>Choses tues (1930)<\/em><br \/>\n[\/aesop_content]\n[aesop_content color=\u00a0\u00bb#FFFFFF\u00a0\u00bb background=\u00a0\u00bb#686868&Prime; width=\u00a0\u00bb97%\u00a0\u00bb columns=\u00a0\u00bb2&Prime; position=\u00a0\u00bbstatic\u00a0\u00bb imgrepeat=\u00a0\u00bbno-repeat\u00a0\u00bb floaterposition=\u00a0\u00bbcenter\u00a0\u00bb floaterdirection=\u00a0\u00bbdown\u00a0\u00bb]Ces images sont des r\u00e9cursions; elles cherchent \u00e0 envelopper \u00e0 la fois une part singuli\u00e8re du monde per\u00e7u (souvent ressentie comme un \u00e9nigmatique appel \u00e0 photographie), et ma perception. Elles sont des <em>bricolages num\u00e9riques<\/em>, tentatives de mat\u00e9rialisation des dessous et arri\u00e8re-fonds de ma vision aux moments des prises de vues.<br \/>\nCe qui <em>eu lieu<\/em> se cherchera ensuite (par l&rsquo;informatique devenue jeu de l&rsquo;intuition), en une succession d&rsquo;allers-retours flottants, dans les interstices de l&rsquo;image \u00e0 d\u00e9chiffrer.<br \/>\nParfois m\u00e9taphorique, l&rsquo;aspect final est impr\u00e9visible pour l&rsquo;essentiel; il s&rsquo;est souvent r\u00e9v\u00e9l\u00e9 dans une observation sid\u00e9r\u00e9e et jubilatoire au fur et \u00e0 mesure que l&rsquo;image se calculait et s&rsquo;affinait sur mon \u00e9cran.<\/p>\n<p>Cliquez sur les images ci-dessus pour entrer dans les s\u00e9ries, et faites-les d\u00e9filer.<\/p>\n[\/aesop_content]\n[aesop_collection collection=\u00a0\u00bb2&Prime; limit=\u00a0\u00bb4&Prime; columns=\u00a0\u00bb2&Prime; splash=\u00a0\u00bboff\u00a0\u00bb]\n<span style=\"color: #ffffff;\">.<\/span><\/p>\n","protected":false},"excerpt":{"rendered":"<p>[aesop_content color=\u00a0\u00bb#333333&Prime; background=\u00a0\u00bb#FFFFFF\u00a0\u00bb width=\u00a0\u00bb97%\u00a0\u00bb columns=\u00a0\u00bb1&Prime; position=\u00a0\u00bbstatic\u00a0\u00bb imgrepeat=\u00a0\u00bbno-repeat\u00a0\u00bb floaterposition=\u00a0\u00bbcenter\u00a0\u00bb floaterdirection=\u00a0\u00bbdown\u00a0\u00bb]\u00ab\u00a0Toute vue des choses qui n\u2019est pas \u00e9trange est fausse. Si quelque chose est r\u00e9elle, elle ne peut que perdre de sa r\u00e9alit\u00e9 en devenant famili\u00e8re. M\u00e9diter en philosophe, c\u2019est revenir du familier \u00e0 l&rsquo;\u00e9trange, et dans l\u2019\u00e9trange affronter le r\u00e9el\u00a0\u00bb. Paul Val\u00e9ry, Choses tues (1930) [\/aesop_content] [&hellip;]<\/p>\n","protected":false},"author":1,"featured_media":0,"parent":0,"menu_order":0,"comment_status":"closed","ping_status":"closed","template":"","meta":{"footnotes":""},"class_list":["post-10","page","type-page","status-publish","hentry","aesop-entry-content"],"_links":{"self":[{"href":"https:\/\/www.francoisfilliettaz.ch\/recursions\/wp-json\/wp\/v2\/pages\/10","targetHints":{"allow":["GET"]}}],"collection":[{"href":"https:\/\/www.francoisfilliettaz.ch\/recursions\/wp-json\/wp\/v2\/pages"}],"about":[{"href":"https:\/\/www.francoisfilliettaz.ch\/recursions\/wp-json\/wp\/v2\/types\/page"}],"author":[{"embeddable":true,"href":"https:\/\/www.francoisfilliettaz.ch\/recursions\/wp-json\/wp\/v2\/users\/1"}],"replies":[{"embeddable":true,"href":"https:\/\/www.francoisfilliettaz.ch\/recursions\/wp-json\/wp\/v2\/comments?post=10"}],"version-history":[{"count":57,"href":"https:\/\/www.francoisfilliettaz.ch\/recursions\/wp-json\/wp\/v2\/pages\/10\/revisions"}],"predecessor-version":[{"id":1065,"href":"https:\/\/www.francoisfilliettaz.ch\/recursions\/wp-json\/wp\/v2\/pages\/10\/revisions\/1065"}],"wp:attachment":[{"href":"https:\/\/www.francoisfilliettaz.ch\/recursions\/wp-json\/wp\/v2\/media?parent=10"}],"curies":[{"name":"wp","href":"https:\/\/api.w.org\/{rel}","templated":true}]}}